{"id":10,"date":"2025-02-01T14:12:15","date_gmt":"2025-02-01T13:12:15","guid":{"rendered":"https:\/\/www.gaestehaus-muttelsee.de\/cms\/?page_id=10"},"modified":"2025-06-29T13:20:11","modified_gmt":"2025-06-29T11:20:11","slug":"willkommen-im-gaestehaus-am-muttelsee","status":"publish","type":"page","link":"https:\/\/www.gaestehaus-muttelsee.de\/cms\/","title":{"rendered":"Herzlich Willkommen &#8230;"},"content":{"rendered":"<div class=\"wp-block-image is-style-default\">\n<figure class=\"alignright size-full is-resized\"><img loading=\"lazy\" decoding=\"async\" width=\"2560\" height=\"1920\" src=\"https:\/\/www.gaestehaus-muttelsee.de\/cms\/wp-content\/uploads\/2025\/02\/image00003-scaled.jpeg\" alt=\"\" class=\"wp-image-199\" style=\"width:453px;height:auto\" srcset=\"https:\/\/www.gaestehaus-muttelsee.de\/cms\/wp-content\/uploads\/2025\/02\/image00003-scaled.jpeg 2560w, https:\/\/www.gaestehaus-muttelsee.de\/cms\/wp-content\/uploads\/2025\/02\/image00003-300x225.jpeg 300w, https:\/\/www.gaestehaus-muttelsee.de\/cms\/wp-content\/uploads\/2025\/02\/image00003-1024x768.jpeg 1024w, https:\/\/www.gaestehaus-muttelsee.de\/cms\/wp-content\/uploads\/2025\/02\/image00003-768x576.jpeg 768w, https:\/\/www.gaestehaus-muttelsee.de\/cms\/wp-content\/uploads\/2025\/02\/image00003-1536x1152.jpeg 1536w, https:\/\/www.gaestehaus-muttelsee.de\/cms\/wp-content\/uploads\/2025\/02\/image00003-2048x1536.jpeg 2048w, https:\/\/www.gaestehaus-muttelsee.de\/cms\/wp-content\/uploads\/2025\/02\/image00003-400x300.jpeg 400w\" sizes=\"auto, (max-width: 2560px) 100vw, 2560px\" \/><\/figure>\n<\/div>\n\n\n<p>&#8230; im G\u00e4stehaus am Muttelsee \u2013 Ihrem R\u00fcckzugsort f\u00fcr unvergessliche Erlebnisse inmitten der malerischen Natur des Bodensees. Eingebettet in die Ruhe und Sch\u00f6nheit dieser idyllischen Umgebung, bieten wir Ihnen einen Ort der Erholung und Entspannung, an dem Sie den Alltag hinter sich lassen k\u00f6nnen.<\/p>\n\n\n\n<p>Genie\u00dfen Sie die klare Luft, den sanften Klang der Natur und die au\u00dfergew\u00f6hnliche Atmosph\u00e4re, die unser G\u00e4stehaus umgibt. Unser Haus bietet Ihnen Raum, um zur Ruhe zu kommen und neue Energie zu tanken. Der Muttelsee und seine umliegende Landschaft laden zu ausgedehnten Spazierg\u00e4ngen und Wanderungen ein, bei denen Sie die Sch\u00f6nheit der Region auf ganz besondere Weise erleben k\u00f6nnen.<\/p>\n\n\n<div class=\"wp-block-image\">\n<figure class=\"alignleft size-medium\"><img loading=\"lazy\" decoding=\"async\" width=\"300\" height=\"200\" src=\"https:\/\/www.gaestehaus-muttelsee.de\/cms\/wp-content\/uploads\/2025\/06\/IMG_0206-300x200.jpg\" alt=\"\" class=\"wp-image-296\" srcset=\"https:\/\/www.gaestehaus-muttelsee.de\/cms\/wp-content\/uploads\/2025\/06\/IMG_0206-300x200.jpg 300w, https:\/\/www.gaestehaus-muttelsee.de\/cms\/wp-content\/uploads\/2025\/06\/IMG_0206-1024x683.jpg 1024w, https:\/\/www.gaestehaus-muttelsee.de\/cms\/wp-content\/uploads\/2025\/06\/IMG_0206-768x512.jpg 768w, https:\/\/www.gaestehaus-muttelsee.de\/cms\/wp-content\/uploads\/2025\/06\/IMG_0206-1536x1024.jpg 1536w, https:\/\/www.gaestehaus-muttelsee.de\/cms\/wp-content\/uploads\/2025\/06\/IMG_0206-2048x1365.jpg 2048w\" sizes=\"auto, (max-width: 300px) 100vw, 300px\" \/><\/figure>\n<\/div>\n\n\n<p>Die Umgebung des G\u00e4stehauses h\u00e4lt zudem eine Vielzahl an Freizeitm\u00f6glichkeiten f\u00fcr Sie bereit. Besuchen Sie die faszinierenden St\u00e4dte rund um den Bodensee \u2013 wie das wundersch\u00f6ne Lindau mit seiner historischen Altstadt und dem imposanten Hafen, oder die zauberhaften Angebote, wie Seerundfahrten, dem Affenberg in Saalem, Museen, \u2026 in der Umgebung, die Sie mit ihrem Charme und ihrer Geschichte verzaubern werden. Auch f\u00fcr Aktivurlauber gibt es zahlreiche Angebote wie Radfahren, schwimmen und Ausfl\u00fcge in die Region, die f\u00fcr jeden Geschmack etwas bereithalten. Details finden Sie <a href=\"https:\/\/www.gaestehaus-muttelsee.de\/cms\/ausflugsziele\/\" data-type=\"page\" data-id=\"16\">hier<\/a>.<\/p>\n\n\n<div class=\"wp-block-image\">\n<figure class=\"alignright size-medium\"><img loading=\"lazy\" decoding=\"async\" width=\"225\" height=\"300\" src=\"https:\/\/www.gaestehaus-muttelsee.de\/cms\/wp-content\/uploads\/2025\/02\/image00006-225x300.jpeg\" alt=\"\" class=\"wp-image-201\" srcset=\"https:\/\/www.gaestehaus-muttelsee.de\/cms\/wp-content\/uploads\/2025\/02\/image00006-225x300.jpeg 225w, https:\/\/www.gaestehaus-muttelsee.de\/cms\/wp-content\/uploads\/2025\/02\/image00006-768x1024.jpeg 768w, https:\/\/www.gaestehaus-muttelsee.de\/cms\/wp-content\/uploads\/2025\/02\/image00006-1152x1536.jpeg 1152w, https:\/\/www.gaestehaus-muttelsee.de\/cms\/wp-content\/uploads\/2025\/02\/image00006-1536x2048.jpeg 1536w, https:\/\/www.gaestehaus-muttelsee.de\/cms\/wp-content\/uploads\/2025\/02\/image00006-scaled.jpeg 1920w\" sizes=\"auto, (max-width: 225px) 100vw, 225px\" \/><\/figure>\n<\/div>\n\n\n<p>Die Eltern Agnes- und Hermann Schmid haben vor 30 Jahren das G\u00e4stehaus aufgebaut und liebevoll betrieben. Nun haben wir, Wolfgang und Nicoleta es \u00fcbernommen und f\u00fchren es mit unseren zwei Kindern, in zweiter Generation, weiter. Auch wenn wir, im Gegensatz zu den Gro\u00dfeltern, nicht direkt vor Ort wohnen, sind wir dennoch in der N\u00e4he und bei Fragen oder W\u00fcnschen stets f\u00fcr Sie da.<\/p>\n\n\n\n<figure class=\"wp-block-image size-full\"><img loading=\"lazy\" decoding=\"async\" width=\"444\" height=\"352\" src=\"https:\/\/www.gaestehaus-muttelsee.de\/cms\/wp-content\/uploads\/2025\/06\/1_Ansicht.png\" alt=\"\" class=\"wp-image-300\" srcset=\"https:\/\/www.gaestehaus-muttelsee.de\/cms\/wp-content\/uploads\/2025\/06\/1_Ansicht.png 444w, https:\/\/www.gaestehaus-muttelsee.de\/cms\/wp-content\/uploads\/2025\/06\/1_Ansicht-300x238.png 300w\" sizes=\"auto, (max-width: 444px) 100vw, 444px\" \/><\/figure>\n\n\n\n<p>Ob f\u00fcr einen kurzen Aufenthalt oder einen l\u00e4ngeren Urlaub \u2013 das G\u00e4stehaus am Muttelsee bietet Ihnen den perfekten Ort, um K\u00f6rper und Geist in Einklang zu bringen. Lassen Sie sich von der einzigartigen Atmosph\u00e4re verzaubern und genie\u00dfen Sie Ihre Auszeit in einer der sch\u00f6nsten Regionen Deutschlands. Wir freuen uns darauf, Sie bald bei uns begr\u00fc\u00dfen&nbsp;zu&nbsp;d\u00fcrfen!<\/p>\n\n\n\n<figure class=\"wp-block-gallery has-nested-images columns-default is-cropped wp-block-gallery-1 is-layout-flex wp-block-gallery-is-layout-flex\">\n<figure class=\"wp-block-image size-large\"><img loading=\"lazy\" decoding=\"async\" width=\"1024\" height=\"576\" data-id=\"305\" src=\"https:\/\/www.gaestehaus-muttelsee.de\/cms\/wp-content\/uploads\/2025\/06\/4_Eingang-1.jpg\" alt=\"\" class=\"wp-image-305\" srcset=\"https:\/\/www.gaestehaus-muttelsee.de\/cms\/wp-content\/uploads\/2025\/06\/4_Eingang-1.jpg 1024w, https:\/\/www.gaestehaus-muttelsee.de\/cms\/wp-content\/uploads\/2025\/06\/4_Eingang-1-300x169.jpg 300w, https:\/\/www.gaestehaus-muttelsee.de\/cms\/wp-content\/uploads\/2025\/06\/4_Eingang-1-768x432.jpg 768w\" sizes=\"auto, (max-width: 1024px) 100vw, 1024px\" \/><\/figure>\n\n\n\n<figure class=\"wp-block-image size-large\"><img loading=\"lazy\" decoding=\"async\" width=\"576\" height=\"1024\" data-id=\"306\" src=\"https:\/\/www.gaestehaus-muttelsee.de\/cms\/wp-content\/uploads\/2025\/06\/2020_Bild_Briefkasten-1-576x1024.jpeg\" alt=\"\" class=\"wp-image-306\" srcset=\"https:\/\/www.gaestehaus-muttelsee.de\/cms\/wp-content\/uploads\/2025\/06\/2020_Bild_Briefkasten-1-576x1024.jpeg 576w, https:\/\/www.gaestehaus-muttelsee.de\/cms\/wp-content\/uploads\/2025\/06\/2020_Bild_Briefkasten-1-169x300.jpeg 169w, https:\/\/www.gaestehaus-muttelsee.de\/cms\/wp-content\/uploads\/2025\/06\/2020_Bild_Briefkasten-1-768x1365.jpeg 768w, https:\/\/www.gaestehaus-muttelsee.de\/cms\/wp-content\/uploads\/2025\/06\/2020_Bild_Briefkasten-1-864x1536.jpeg 864w, https:\/\/www.gaestehaus-muttelsee.de\/cms\/wp-content\/uploads\/2025\/06\/2020_Bild_Briefkasten-1-1152x2048.jpeg 1152w, https:\/\/www.gaestehaus-muttelsee.de\/cms\/wp-content\/uploads\/2025\/06\/2020_Bild_Briefkasten-1-scaled.jpeg 1440w\" sizes=\"auto, (max-width: 576px) 100vw, 576px\" \/><\/figure>\n<\/figure>\n\n\n\n<figure class=\"wp-block-image size-large is-resized\"><img loading=\"lazy\" decoding=\"async\" width=\"1024\" height=\"683\" src=\"https:\/\/www.gaestehaus-muttelsee.de\/cms\/wp-content\/uploads\/2025\/06\/IMG_0515-1024x683.jpg\" alt=\"\" class=\"wp-image-297\" style=\"width:576px;height:auto\" srcset=\"https:\/\/www.gaestehaus-muttelsee.de\/cms\/wp-content\/uploads\/2025\/06\/IMG_0515-1024x683.jpg 1024w, https:\/\/www.gaestehaus-muttelsee.de\/cms\/wp-content\/uploads\/2025\/06\/IMG_0515-300x200.jpg 300w, https:\/\/www.gaestehaus-muttelsee.de\/cms\/wp-content\/uploads\/2025\/06\/IMG_0515-768x512.jpg 768w, https:\/\/www.gaestehaus-muttelsee.de\/cms\/wp-content\/uploads\/2025\/06\/IMG_0515-1536x1024.jpg 1536w, https:\/\/www.gaestehaus-muttelsee.de\/cms\/wp-content\/uploads\/2025\/06\/IMG_0515-2048x1365.jpg 2048w\" sizes=\"auto, (max-width: 1024px) 100vw, 1024px\" \/><\/figure>\n\n\n\n<p>Bitte haben Sie Verst\u00e4ndnis, dass wir Hunde nicht akzeptieren k\u00f6nnen.<\/p>\n\n\n\n<p><\/p>\n","protected":false},"excerpt":{"rendered":"<p>&#8230; im G\u00e4stehaus am Muttelsee \u2013 Ihrem R\u00fcckzugsort f\u00fcr unvergessliche Erlebnisse inmitten der malerischen Natur des Bodensees. Eingebettet in die Ruhe und Sch\u00f6nheit dieser idyllischen Umgebung, bieten wir Ihnen einen Ort der Erholung und Entspannung, an dem Sie den Alltag hinter sich lassen k\u00f6nnen. Genie\u00dfen Sie die klare Luft, den sanften Klang der Natur und [&hellip;]<\/p>\n","protected":false},"author":1,"featured_media":0,"parent":0,"menu_order":0,"comment_status":"closed","ping_status":"closed","template":"","meta":{"footnotes":""},"class_list":["post-10","page","type-page","status-publish","hentry"],"_links":{"self":[{"href":"https:\/\/www.gaestehaus-muttelsee.de\/cms\/wp-json\/wp\/v2\/pages\/10","targetHints":{"allow":["GET"]}}],"collection":[{"href":"https:\/\/www.gaestehaus-muttelsee.de\/cms\/wp-json\/wp\/v2\/pages"}],"about":[{"href":"https:\/\/www.gaestehaus-muttelsee.de\/cms\/wp-json\/wp\/v2\/types\/page"}],"author":[{"embeddable":true,"href":"https:\/\/www.gaestehaus-muttelsee.de\/cms\/wp-json\/wp\/v2\/users\/1"}],"replies":[{"embeddable":true,"href":"https:\/\/www.gaestehaus-muttelsee.de\/cms\/wp-json\/wp\/v2\/comments?post=10"}],"version-history":[{"count":12,"href":"https:\/\/www.gaestehaus-muttelsee.de\/cms\/wp-json\/wp\/v2\/pages\/10\/revisions"}],"predecessor-version":[{"id":309,"href":"https:\/\/www.gaestehaus-muttelsee.de\/cms\/wp-json\/wp\/v2\/pages\/10\/revisions\/309"}],"wp:attachment":[{"href":"https:\/\/www.gaestehaus-muttelsee.de\/cms\/wp-json\/wp\/v2\/media?parent=10"}],"curies":[{"name":"wp","href":"https:\/\/api.w.org\/{rel}","templated":true}]}}